{"id":76,"date":"2011-10-18T18:08:44","date_gmt":"2011-10-18T16:08:44","guid":{"rendered":"http:\/\/hptz-rostock.de\/?page_id=76"},"modified":"2020-11-11T13:47:40","modified_gmt":"2020-11-11T11:47:40","slug":"unser-team","status":"publish","type":"page","link":"https:\/\/hptz-rostock.de\/?page_id=76","title":{"rendered":"Unser Team"},"content":{"rendered":"<p>Unser Team setzt sich aus kompetenten Fachkr\u00e4ften zusammen, die \u00fcber unterschiedliche Grund- und Zusatzausbildungen (u.a. Gestalttherapie, systemische Familientherapie) verf\u00fcgen.<\/p>\n<ul>\n<li>Dipl. \/B.A. \/MA Psychologen*innen<\/li>\n<li>Dipl. \/B.A. \/MA Heilp\u00e4dagogen*innen<\/li>\n<li>Dipl. \/B.A. \/MA Sozialp\u00e4dagogen*innen<\/li>\n<li>Dipl. \/B.A. \/MA Sozialarbeiter*innen<\/li>\n<li>Dipl. \/B.A. \/MA P\u00e4dagogen*innen<\/li>\n<\/ul>\n","protected":false},"excerpt":{"rendered":"<p>Unser Team setzt sich aus kompetenten Fachkr\u00e4ften zusammen, die \u00fcber unterschiedliche Grund- und Zusatzausbildungen (u.a. Gestalttherapie, systemische Familientherapie) verf\u00fcgen. Dipl. \/B.A. \/MA Psychologen*innen Dipl. \/B.A. \/MA Heilp\u00e4dagogen*innen Dipl. \/B.A. \/MA Sozialp\u00e4dagogen*innen Dipl. \/B.A. \/MA Sozialarbeiter*innen Dipl. \/B.A. \/MA P\u00e4dagogen*innen<\/p>\n","protected":false},"author":1,"featured_media":0,"parent":0,"menu_order":6,"comment_status":"closed","ping_status":"open","template":"full-width-page-template.php","meta":[],"_links":{"self":[{"href":"https:\/\/hptz-rostock.de\/index.php?rest_route=\/wp\/v2\/pages\/76"}],"collection":[{"href":"https:\/\/hptz-rostock.de\/index.php?rest_route=\/wp\/v2\/pages"}],"about":[{"href":"https:\/\/hptz-rostock.de\/index.php?rest_route=\/wp\/v2\/types\/page"}],"author":[{"embeddable":true,"href":"https:\/\/hptz-rostock.de\/index.php?rest_route=\/wp\/v2\/users\/1"}],"replies":[{"embeddable":true,"href":"https:\/\/hptz-rostock.de\/index.php?rest_route=%2Fwp%2Fv2%2Fcomments&post=76"}],"version-history":[{"count":4,"href":"https:\/\/hptz-rostock.de\/index.php?rest_route=\/wp\/v2\/pages\/76\/revisions"}],"predecessor-version":[{"id":199,"href":"https:\/\/hptz-rostock.de\/index.php?rest_route=\/wp\/v2\/pages\/76\/revisions\/199"}],"wp:attachment":[{"href":"https:\/\/hptz-rostock.de\/index.php?rest_route=%2Fwp%2Fv2%2Fmedia&parent=76"}],"curies":[{"name":"wp","href":"https:\/\/api.w.org\/{rel}","templated":true}]}}